{"id":47,"date":"2026-02-15T15:53:35","date_gmt":"2026-02-15T14:53:35","guid":{"rendered":"https:\/\/rausausderblase.de\/?page_id=47"},"modified":"2026-02-15T16:24:45","modified_gmt":"2026-02-15T15:24:45","slug":"47-2","status":"publish","type":"page","link":"https:\/\/rausausderblase.de\/?page_id=47","title":{"rendered":"Unsere Grunds\u00e4tze"},"content":{"rendered":"\n<h1 class=\"wp-block-heading\">Unsere Grunds\u00e4tze<\/h1>\n\n\n\n<p><\/p>\n\n\n\n<p><\/p>\n\n\n\n<p><strong>1. Demokratische Werte st\u00e4rken:<\/strong><\/p>\n\n\n\n<p>Menschenw\u00fcrde, Freiheit, Rechtsstaatlichkeit und Pluralismus sind die Grundpfeiler unserer Demokratie. Diese Werte zu sch\u00fctzen, zu f\u00f6rdern und zu erhalten ist der Antrieb unserer Arbeit.<\/p>\n\n\n\n<p><strong>2. Kritisches Denken f\u00f6rdern:<\/strong><\/p>\n\n\n\n<p>Unser Projekt soll Menschen dazu bef\u00e4higen, Informationen eigenst\u00e4ndig zu hinterfragen und Quellen nach nachvollziehbaren, transparenten und wissenschaftlich fundierten Kriterien zu bewerten. Ziel ist es, Urteilsf\u00e4higkeit zu st\u00e4rken, ohne selbst dogmatisch zu sein.<\/p>\n\n\n\n<p><strong>3. \u00dcberparteilichkeit wahren:<\/strong><\/p>\n\n\n\n<p>Das Projekt informiert faktenbasiert und unabh\u00e4ngig von parteipolitischen oder wirtschaftlichen Interessen.<\/p>\n\n\n\n<p><strong>4. Dialog und Differenzierung statt Polarisierung:<\/strong><\/p>\n\n\n\n<p>Wir f\u00f6rdern eine differenzierte Debattenkultur und w\u00fcrdigen die Mehrdimensionalit\u00e4t von Problemstellungen. Komplexe Fragen verlangen sorgf\u00e4ltige Analyse statt vorschneller Zuspitzung. Wir unterst\u00fctzen eine faktenbasierte politische Auseinandersetzung und sind offen gegen\u00fcber unterschiedlichen Meinungen. Eine Ausgrenzung von Menschen allein aufgrund ihrer Position lehnen wir ab. Gleichzeitig sind wir \u00fcberzeugt, dass Argumente, nach wissenschaftlichen Standards betrachtet, eine unterschiedliche Wertigkeit besitzen. Wir unterscheiden klar zwischen der Achtung der Person und der kritischen Bewertung ihrer Argumente.<\/p>\n\n\n\n<p><strong>5. Grenzen der Toleranz:<\/strong><\/p>\n\n\n\n<p>In einer offenen demokratischen Gesellschaft m\u00fcssen verschiedene Meinungen, Lebensweisen und sonstige Facetten des Menschseins in gr\u00f6\u00dftm\u00f6glichem Ma\u00dfe toleriert werden. Gleichzeitig braucht eine Demokratie einen verbindlichen Rahmen und Institutionen, die ihre Mitglieder und insbesondere Minderheiten sch\u00fctzen. Bestrebungen, die darauf abzielen, die freiheitlich-demokratische Grundordnung abzuschaffen, die Rechte und Freiheiten von Minderheiten oder politischen Gegnern zu beschneiden oder demokratische Institutionen zu delegitimieren, k\u00f6nnen nicht unbegrenzt toleriert werden, ohne die Existenz der Demokratie selbst zu gef\u00e4hrden. Legitime und notwendige Kritik an bestehenden Institutionen ist dabei klar von ihrer systematischen Unterminierung oder Abschaffung zu unterscheiden.<\/p>\n\n\n\n<p><strong>6.&nbsp; Sich der eigenen Unzul\u00e4nglichkeit bewusst sein:<\/strong><\/p>\n\n\n\n<p>Auch wenn es m\u00f6glich ist, sich der Wirklichkeit und Problemstellungen durch wissenschaftliche Prozesse anzun\u00e4hern, sind wir uns der Begrenztheit und Fehlbarkeit wissenschaftlicher Erkenntnis bewusst. Fakten sind stets im Lichte des aktuellen Forschungsstandes zu bewerten. Wir wollen auch unsere Arbeit an diesem Projekt kontinuierlich nach diesen genannten Ma\u00dfst\u00e4ben ausrichten, reflektieren und &#8211; falls notwendig -korrigieren.\u00a0 \u00a0<\/p>\n\n\n\n<p><\/p>\n","protected":false},"excerpt":{"rendered":"<p>Unsere Grunds\u00e4tze 1. Demokratische Werte st\u00e4rken: Menschenw\u00fcrde, Freiheit, Rechtsstaatlichkeit und Pluralismus sind die Grundpfeiler unserer Demokratie. Diese Werte zu sch\u00fctzen, zu f\u00f6rdern und zu erhalten ist der Antrieb unserer Arbeit. 2. Kritisches Denken f\u00f6rdern: Unser Projekt soll Menschen dazu bef\u00e4higen, Informationen eigenst\u00e4ndig zu hinterfragen und Quellen nach nachvollziehbaren, transparenten und wissenschaftlich fundierten Kriterien zu bewerten. [&hellip;]<\/p>\n","protected":false},"author":1,"featured_media":0,"parent":0,"menu_order":0,"comment_status":"closed","ping_status":"closed","template":"page-no-title","meta":{"footnotes":""},"class_list":["post-47","page","type-page","status-publish","hentry"],"_links":{"self":[{"href":"https:\/\/rausausderblase.de\/index.php?rest_route=\/wp\/v2\/pages\/47","targetHints":{"allow":["GET"]}}],"collection":[{"href":"https:\/\/rausausderblase.de\/index.php?rest_route=\/wp\/v2\/pages"}],"about":[{"href":"https:\/\/rausausderblase.de\/index.php?rest_route=\/wp\/v2\/types\/page"}],"author":[{"embeddable":true,"href":"https:\/\/rausausderblase.de\/index.php?rest_route=\/wp\/v2\/users\/1"}],"replies":[{"embeddable":true,"href":"https:\/\/rausausderblase.de\/index.php?rest_route=%2Fwp%2Fv2%2Fcomments&post=47"}],"version-history":[{"count":13,"href":"https:\/\/rausausderblase.de\/index.php?rest_route=\/wp\/v2\/pages\/47\/revisions"}],"predecessor-version":[{"id":73,"href":"https:\/\/rausausderblase.de\/index.php?rest_route=\/wp\/v2\/pages\/47\/revisions\/73"}],"wp:attachment":[{"href":"https:\/\/rausausderblase.de\/index.php?rest_route=%2Fwp%2Fv2%2Fmedia&parent=47"}],"curies":[{"name":"wp","href":"https:\/\/api.w.org\/{rel}","templated":true}]}}