{"id":15,"date":"2026-02-15T16:29:44","date_gmt":"2026-02-15T15:29:44","guid":{"rendered":"https:\/\/rausausderblase.de\/?page_id=15"},"modified":"2026-04-29T22:42:41","modified_gmt":"2026-04-29T20:42:41","slug":"impressum","status":"publish","type":"page","link":"https:\/\/rausausderblase.de\/?page_id=15","title":{"rendered":"Impressum"},"content":{"rendered":"\n<p><strong>Impressum<\/strong><\/p>\n\n\n\n<p>Angaben gem\u00e4\u00df \u00a7 5 TMG:<\/p>\n\n\n\n<p>Rausausderblase<\/p>\n\n\n\n<p>vertreten durch Andy Guder <\/p>\n\n\n\n<p>Kontakt:<br>E-Mail: rausausderblase@web.de<\/p>\n\n\n\n<p>Verantwortlich f\u00fcr den Inhalt nach \u00a7 55 Abs. 2 RStV:<br>[rausausderblase, vertreten durch Andy Guder ]<br>Andy Guder<br>c\/o POSTFLEX\u00a0<strong>PFX-312-336<\/strong><br>Emsdettener Stra\u00dfe 10<br>48268 Greven]<\/p>\n\n\n\n<p>Haftung f\u00fcr Inhalte:<br>Die Inhalte unserer Seiten wurden mit gr\u00f6\u00dfter Sorgfalt erstellt. F\u00fcr die Richtigkeit, Vollst\u00e4ndigkeit und Aktualit\u00e4t der Inhalte k\u00f6nnen wir jedoch keine Gew\u00e4hr \u00fcbernehmen.<\/p>\n\n\n\n<p>Haftung f\u00fcr Links:<br>Unsere Website enth\u00e4lt Links zu externen Websites Dritter, auf deren Inhalte wir keinen Einfluss haben. Deshalb k\u00f6nnen wir f\u00fcr diese fremden Inhalte auch keine Gew\u00e4hr \u00fcbernehmen.<\/p>\n\n\n\n<p>Urheberrecht:<br>Die auf dieser Website ver\u00f6ffentlichten Inhalte, insbesondere Texte und bereitgestellte Materialien (z. B. Plakate), unterliegen dem deutschen Urheberrecht. Downloads und Kopien dieser Seite sind nur f\u00fcr den privaten Gebrauch gestattet, sofern nicht anders gekennzeichnet.<\/p>\n\n\n\n<p>Soweit Inhalte zum Download bereitgestellt werden, gelten die jeweils angegebenen Nutzungsbedingungen.<\/p>\n\n\n\n<p><strong>Datenschutzerkl\u00e4rung<\/strong><\/p>\n\n\n\n<ol class=\"wp-block-list\">\n<li>Allgemeine Hinweise<br>Der Schutz Ihrer pers\u00f6nlichen Daten ist uns wichtig. Wir behandeln Ihre personenbezogenen Daten vertraulich und entsprechend den gesetzlichen Datenschutzvorschriften.<\/li>\n\n\n\n<li>Verantwortliche Stelle<br>[Rausausderblase]<br>[<strong>Andy Guder<br>c\/o POSTFLEX&nbsp;<strong>PFX-312-336<\/strong><br>Emsdettener Stra\u00dfe 10<br>48268 Greven<\/strong>]<br>[rausausderblase@web.de]<\/li>\n\n\n\n<li>Server-Log-Dateien<br>Beim Besuch dieser Website erhebt und speichert der Provider automatisch Informationen in sogenannten Server-Log-Dateien. Dies sind z. B.:<\/li>\n<\/ol>\n\n\n\n<ul class=\"wp-block-list\">\n<li>IP-Adresse<\/li>\n\n\n\n<li>Datum und Uhrzeit der Anfrage<\/li>\n\n\n\n<li>Browsertyp und Version<\/li>\n\n\n\n<li>Betriebssystem<\/li>\n<\/ul>\n\n\n\n<p>Diese Daten dienen der technischen Bereitstellung und Sicherheit der Website.<\/p>\n\n\n\n<ol start=\"4\" class=\"wp-block-list\">\n<li>Downloads<br>Beim Herunterladen von bereitgestellten Dateien (z. B. Plakaten) werden keine zus\u00e4tzlichen personenbezogenen Daten erhoben, au\u00dfer den technisch notwendigen Daten (siehe Server-Log-Dateien).<\/li>\n\n\n\n<li>Kontaktaufnahme<br>Wenn Sie uns per E-Mail kontaktieren, werden Ihre Angaben zur Bearbeitung der Anfrage gespeichert.<\/li>\n\n\n\n<li>Cookies<br>Diese Website verwendet ggf. nur technisch notwendige Cookies.<\/li>\n\n\n\n<li>Ihre Rechte<br>Sie haben das Recht auf Auskunft \u00fcber Ihre gespeicherten personenbezogenen Daten sowie auf Berichtigung, L\u00f6schung oder Einschr\u00e4nkung der Verarbeitung.<\/li>\n\n\n\n<li>Hosting<br>Die Website wird bei einem externen Dienstleister (Hosting-Anbieter) betrieben. Die im Rahmen der Nutzung dieser Website erfassten Daten werden auf den Servern des Hosters verarbeitet.<\/li>\n\n\n\n<li>\u00c4nderungen<br>Wir behalten uns vor, diese Datenschutzerkl\u00e4rung bei Bedarf anzupassen.<\/li>\n<\/ol>\n\n\n\n<p><\/p>\n","protected":false},"excerpt":{"rendered":"<p>Impressum Angaben gem\u00e4\u00df \u00a7 5 TMG: Rausausderblase vertreten durch Andy Guder Kontakt:E-Mail: rausausderblase@web.de Verantwortlich f\u00fcr den Inhalt nach \u00a7 55 Abs. 2 RStV:[rausausderblase, vertreten durch Andy Guder ]Andy Guderc\/o POSTFLEX\u00a0PFX-312-336Emsdettener Stra\u00dfe 1048268 Greven] Haftung f\u00fcr Inhalte:Die Inhalte unserer Seiten wurden mit gr\u00f6\u00dfter Sorgfalt erstellt. F\u00fcr die Richtigkeit, Vollst\u00e4ndigkeit und Aktualit\u00e4t der Inhalte k\u00f6nnen wir jedoch [&hellip;]<\/p>\n","protected":false},"author":1,"featured_media":0,"parent":0,"menu_order":0,"comment_status":"closed","ping_status":"closed","template":"","meta":{"footnotes":""},"class_list":["post-15","page","type-page","status-publish","hentry"],"_links":{"self":[{"href":"https:\/\/rausausderblase.de\/index.php?rest_route=\/wp\/v2\/pages\/15","targetHints":{"allow":["GET"]}}],"collection":[{"href":"https:\/\/rausausderblase.de\/index.php?rest_route=\/wp\/v2\/pages"}],"about":[{"href":"https:\/\/rausausderblase.de\/index.php?rest_route=\/wp\/v2\/types\/page"}],"author":[{"embeddable":true,"href":"https:\/\/rausausderblase.de\/index.php?rest_route=\/wp\/v2\/users\/1"}],"replies":[{"embeddable":true,"href":"https:\/\/rausausderblase.de\/index.php?rest_route=%2Fwp%2Fv2%2Fcomments&post=15"}],"version-history":[{"count":9,"href":"https:\/\/rausausderblase.de\/index.php?rest_route=\/wp\/v2\/pages\/15\/revisions"}],"predecessor-version":[{"id":182,"href":"https:\/\/rausausderblase.de\/index.php?rest_route=\/wp\/v2\/pages\/15\/revisions\/182"}],"wp:attachment":[{"href":"https:\/\/rausausderblase.de\/index.php?rest_route=%2Fwp%2Fv2%2Fmedia&parent=15"}],"curies":[{"name":"wp","href":"https:\/\/api.w.org\/{rel}","templated":true}]}}