{"id":13,"date":"2025-11-01T10:39:13","date_gmt":"2025-11-01T09:39:13","guid":{"rendered":"https:\/\/rausausderblase.de\/?page_id=13"},"modified":"2026-03-30T18:21:07","modified_gmt":"2026-03-30T16:21:07","slug":"unterstuetzen","status":"publish","type":"page","link":"https:\/\/rausausderblase.de\/?page_id=13","title":{"rendered":"Unterst\u00fctzen"},"content":{"rendered":"\n<div class=\"wp-block-columns is-layout-flex wp-container-core-columns-is-layout-28f84493 wp-block-columns-is-layout-flex\">\n<div class=\"wp-block-column is-layout-flow wp-block-column-is-layout-flow\" style=\"flex-basis:100%\"><\/div>\n<\/div>\n\n\n\n<ul class=\"wp-block-social-links is-layout-flex wp-block-social-links-is-layout-flex\"><\/ul>\n\n\n\n<h2 class=\"wp-block-heading\">Wie kann ich unterst\u00fctzen?<\/h2>\n\n\n\n<p>Das Projekt lebt von uns allen. Die Idee: Dezentrale Verteilung der Plakate und Informationen durch Personen, die sich mit unseren <a href=\"https:\/\/rausausderblase.de\/?page_id=47\" data-type=\"page\" data-id=\"47\">Grunds\u00e4tzen<\/a> identifizieren k\u00f6nnen. Die Plakate sollen dazu anregen, miteinander ins Gespr\u00e4ch zu kommen und bestimmte Mechanismen zu erkennen.<\/p>\n\n\n\n<p>Hier einige Beispiele, wie die Unterst\u00fctzung aussehen k\u00f6nnte:<\/p>\n\n\n\n<p>Eine \u00c4rztin findet die Idee gut und h\u00e4ngt ein Plakat in ihrer Praxis auf.<\/p>\n\n\n\n<p>Ein Sch\u00fcler teilt die Plakate auf TikTok oder Instagram.<\/p>\n\n\n\n<p>Eine Friseurin h\u00e4ngt ein Plakat in ihrem Salon auf.<\/p>\n\n\n\n<p>Ein Gesch\u00e4ftsf\u00fchrer h\u00e4ngt ein Plakat im Betrieb auf.<\/p>\n\n\n\n<p>Eine Politikwissenschaftlerin gibt Hinweise zum Vertiefen und wissenschaftliche Referenzen.<\/p>\n\n\n\n<p>Ein Rentner mietet eine Au\u00dfenwerbefl\u00e4che f\u00fcr die Plakate.<\/p>\n\n\n\n<p>Ein Sohn spricht mit seiner Mutter \u00fcber die Plakate.<\/p>\n\n\n\n<p>Eine S\u00e4ngerin gibt einen Hinweis f\u00fcr die Website auf einem Konzert.<\/p>\n\n\n\n<p>Eine Kameradin der freiwilligen Feuerwehr h\u00e4ngt ein Plakat in ihrer Dorfwache auf.<\/p>\n\n\n\n<p>&#8230;&#8230;&#8230;<\/p>\n\n\n\n<p>Hier geht es zu den <a href=\"https:\/\/rausausderblase.de\/?page_id=49\" data-type=\"page\" data-id=\"49\">Plakatvorlagen<\/a><\/p>\n\n\n\n<p><strong>Wichtig:<\/strong> Die Plakate d\u00fcrfen nicht ver\u00e4ndert werden! Weiterhin ist bitte stets die Erlaubnis von der entsprechenden Stelle \/ der entsprechenden Person vor dem Anbringen der Plakate einzuholen!<\/p>\n\n\n\n<ul class=\"wp-block-social-links is-layout-flex wp-block-social-links-is-layout-flex\"><li class=\"wp-social-link wp-social-link-instagram  wp-block-social-link\"><a href=\"https:\/\/www.instagram.com\/rausausderblase.de\/\" class=\"wp-block-social-link-anchor\"><svg width=\"24\" height=\"24\" viewBox=\"0 0 24 24\" version=\"1.1\" xmlns=\"http:\/\/www.w3.org\/2000\/svg\" aria-hidden=\"true\" focusable=\"false\"><path d=\"M12,4.622c2.403,0,2.688,0.009,3.637,0.052c0.877,0.04,1.354,0.187,1.671,0.31c0.42,0.163,0.72,0.358,1.035,0.673 c0.315,0.315,0.51,0.615,0.673,1.035c0.123,0.317,0.27,0.794,0.31,1.671c0.043,0.949,0.052,1.234,0.052,3.637 s-0.009,2.688-0.052,3.637c-0.04,0.877-0.187,1.354-0.31,1.671c-0.163,0.42-0.358,0.72-0.673,1.035 c-0.315,0.315-0.615,0.51-1.035,0.673c-0.317,0.123-0.794,0.27-1.671,0.31c-0.949,0.043-1.233,0.052-3.637,0.052 s-2.688-0.009-3.637-0.052c-0.877-0.04-1.354-0.187-1.671-0.31c-0.42-0.163-0.72-0.358-1.035-0.673 c-0.315-0.315-0.51-0.615-0.673-1.035c-0.123-0.317-0.27-0.794-0.31-1.671C4.631,14.688,4.622,14.403,4.622,12 s0.009-2.688,0.052-3.637c0.04-0.877,0.187-1.354,0.31-1.671c0.163-0.42,0.358-0.72,0.673-1.035 c0.315-0.315,0.615-0.51,1.035-0.673c0.317-0.123,0.794-0.27,1.671-0.31C9.312,4.631,9.597,4.622,12,4.622 M12,3 C9.556,3,9.249,3.01,8.289,3.054C7.331,3.098,6.677,3.25,6.105,3.472C5.513,3.702,5.011,4.01,4.511,4.511 c-0.5,0.5-0.808,1.002-1.038,1.594C3.25,6.677,3.098,7.331,3.054,8.289C3.01,9.249,3,9.556,3,12c0,2.444,0.01,2.751,0.054,3.711 c0.044,0.958,0.196,1.612,0.418,2.185c0.23,0.592,0.538,1.094,1.038,1.594c0.5,0.5,1.002,0.808,1.594,1.038 c0.572,0.222,1.227,0.375,2.185,0.418C9.249,20.99,9.556,21,12,21s2.751-0.01,3.711-0.054c0.958-0.044,1.612-0.196,2.185-0.418 c0.592-0.23,1.094-0.538,1.594-1.038c0.5-0.5,0.808-1.002,1.038-1.594c0.222-0.572,0.375-1.227,0.418-2.185 C20.99,14.751,21,14.444,21,12s-0.01-2.751-0.054-3.711c-0.044-0.958-0.196-1.612-0.418-2.185c-0.23-0.592-0.538-1.094-1.038-1.594 c-0.5-0.5-1.002-0.808-1.594-1.038c-0.572-0.222-1.227-0.375-2.185-0.418C14.751,3.01,14.444,3,12,3L12,3z M12,7.378 c-2.552,0-4.622,2.069-4.622,4.622S9.448,16.622,12,16.622s4.622-2.069,4.622-4.622S14.552,7.378,12,7.378z M12,15 c-1.657,0-3-1.343-3-3s1.343-3,3-3s3,1.343,3,3S13.657,15,12,15z M16.804,6.116c-0.596,0-1.08,0.484-1.08,1.08 s0.484,1.08,1.08,1.08c0.596,0,1.08-0.484,1.08-1.08S17.401,6.116,16.804,6.116z\"><\/path><\/svg><span class=\"wp-block-social-link-label screen-reader-text\">Instagram<\/span><\/a><\/li>\n\n\n\n<\/ul>\n\n\n\n<p><\/p>\n","protected":false},"excerpt":{"rendered":"<p>Wie kann ich unterst\u00fctzen? Das Projekt lebt von uns allen. Die Idee: Dezentrale Verteilung der Plakate und Informationen durch Personen, die sich mit unseren Grunds\u00e4tzen identifizieren k\u00f6nnen. Die Plakate sollen dazu anregen, miteinander ins Gespr\u00e4ch zu kommen und bestimmte Mechanismen zu erkennen. Hier einige Beispiele, wie die Unterst\u00fctzung aussehen k\u00f6nnte: Eine \u00c4rztin findet die Idee [&hellip;]<\/p>\n","protected":false},"author":1,"featured_media":0,"parent":0,"menu_order":0,"comment_status":"closed","ping_status":"closed","template":"page-no-title","meta":{"footnotes":""},"class_list":["post-13","page","type-page","status-publish","hentry"],"_links":{"self":[{"href":"https:\/\/rausausderblase.de\/index.php?rest_route=\/wp\/v2\/pages\/13","targetHints":{"allow":["GET"]}}],"collection":[{"href":"https:\/\/rausausderblase.de\/index.php?rest_route=\/wp\/v2\/pages"}],"about":[{"href":"https:\/\/rausausderblase.de\/index.php?rest_route=\/wp\/v2\/types\/page"}],"author":[{"embeddable":true,"href":"https:\/\/rausausderblase.de\/index.php?rest_route=\/wp\/v2\/users\/1"}],"replies":[{"embeddable":true,"href":"https:\/\/rausausderblase.de\/index.php?rest_route=%2Fwp%2Fv2%2Fcomments&post=13"}],"version-history":[{"count":16,"href":"https:\/\/rausausderblase.de\/index.php?rest_route=\/wp\/v2\/pages\/13\/revisions"}],"predecessor-version":[{"id":163,"href":"https:\/\/rausausderblase.de\/index.php?rest_route=\/wp\/v2\/pages\/13\/revisions\/163"}],"wp:attachment":[{"href":"https:\/\/rausausderblase.de\/index.php?rest_route=%2Fwp%2Fv2%2Fmedia&parent=13"}],"curies":[{"name":"wp","href":"https:\/\/api.w.org\/{rel}","templated":true}]}}